{"id":353,"date":"2022-04-01T12:12:56","date_gmt":"2022-04-01T10:12:56","guid":{"rendered":"https:\/\/www.aplo.com.pl\/?page_id=353"},"modified":"2023-03-12T22:56:52","modified_gmt":"2023-03-12T21:56:52","slug":"polityka-prywatnosci","status":"publish","type":"page","link":"https:\/\/www.aplo.com.pl\/en\/polityka-prywatnosci\/","title":{"rendered":"Polityka prywatno\u015bci i plik\u00f3w cookies"},"content":{"rendered":"\n<p>Polityka prywatno\u015bci i plik\u00f3w cookies<\/p>\n\n\n\n<p>Poni\u017cej znajd\u0105 Pa\u0144stwo zasady przetwarzania danych osobowych oraz wykorzystywania plik\u00f3w cookies w zwi\u0105zku z korzystaniem ze strony www.aplo.com.pl<br>Administratorem danych osobowych jest firma APLO Jacek Grabski, Adres: ul. Waniliowa 3D, 02-969 Warszawa, NIP: 9511585667.W sprawach dotycz\u0105cych przetwarzana danych osobowych prosz\u0119 kontaktowa\u0107 si\u0119 z nami pisemnie na adres: ul. Waniliowa 3D, 02-969 Warszawa, drog\u0105 elektroniczn\u0105 na adres e \u2013 mail: biuro@aplo.com.pl lub telefonicznie pod numerem 501000200.<br>Zawsze ma Pani\/Pan prawo dost\u0119pu do Pani\/Pana danych, mo\u017ce Pani\/Pan chcie\u0107 je sprostowa\u0107 lub cofn\u0105\u0107 zgod\u0119 na ich przetwarzanie w ka\u017cdym momencie. Mo\u017ce Pani\/Pan te\u017c wnie\u015b\u0107 skarg\u0119 na nasze post\u0119powanie do Prezesa Urz\u0119du Ochrony Danych Osobowych.<br>Przetwarzamy Pani\/Pana dane osobowe w nast\u0119puj\u0105cych celach:<br>\uf0be w celu zawarcia z Pani\u0105\/Panem umowy i realizacji oraz rozliczenia umowy sprzeda\u017cy naszych towar\u00f3w i us\u0142ug, w<br>\uf0be realizacji ewentualnych roszcze\u0144 reklamacyjnych, kt\u00f3re Pa\u0144stwu przys\u0142uguj\u0105 (podstawa z art. 6.1.b RODO);<br>\uf0be w celach marketingowych, w tym przedstawienia Pani\/Panu oferty naszych us\u0142ug i produkt\u00f3w drog\u0105 elektroniczn\u0105 lub telefoniczn\u0105, na podstawie Pani\/Pana zgody oraz zgodnie z naszym prawnie uzasadnionym interesem (art. 6.1.a i f RODO);<br>\uf0be w celu ewentualnego ustalenia, dochodzenia lub obrony przed roszczeniami, co jest naszym prawnie uzasadnionym interesem (podstawa z art. 6.1.f RODO).<br>\uf0be w celach archiwalnych (dowodowych) dla zabezpieczenia informacji na wypadek prawnej potrzeby wykazania fakt\u00f3w, co jest naszym prawnie uzasadnionym interesem (podstawa z art. 6.1.f RODO);<\/p>\n\n\n\n<p>W celu kontaktu z Pa\u0144stwem i przes\u0142ania zapytania wykorzystywany jest formularz kontaktowy na stronie (w zak\u0142adce \u201eKontakt\u201d oraz w zak\u0142adce: \u201eZam\u00f3w wycen\u0119\u201d). B\u0119dziemy przetwarza\u0107 nast\u0119puj\u0105ce kategorie Pani\/Pana danych osobowych: podstawowe dane identyfikacyjne: imi\u0119, nazwisko, nazwa firmy, NIP, REGON, adres kontaktowy, poczta e \u2013 mail, numer telefonu.<br>Podanie przez Pani\u0105\/Pana danych osobowych jest zawsze dobrowolne, ale niezb\u0119dne, by z\u0142o\u017cy\u0107 pro\u015bb\u0119 o wycen\u0119, skontaktowa\u0107 si\u0119 z nami, odst\u0105pi\u0107 od umowy lub z\u0142o\u017cy\u0107 reklamacj\u0119. Gwarantujemy Pa\u0144stwu poufno\u015b\u0107 wszelkich przekazanych nam danych osobowych. Zapewniamy podj\u0119cie wszelkich \u015brodk\u00f3w bezpiecze\u0144stwa i ochrony danych osobowych wymaganych przez przepisy o ochronie danych osobowych. Dane osobowe s\u0105 gromadzone z nale\u017cyt\u0105 staranno\u015bci\u0105 i odpowiednio chronione przed dost\u0119pem do nich przez osoby do tego nieupowa\u017cnione.<\/p>\n\n\n\n<p>Na naszej stronie internetowej u\u017cywane s\u0105 wtyczki i inne narz\u0119dzia spo\u0142eczno\u015bciowe udost\u0119pniane przez serwisy spo\u0142eczno\u015bciowe, takie jak Facebook, Google.<br>Wy\u015bwietlaj\u0105c nasz\u0105 stron\u0119 internetow\u0105, zawieraj\u0105c\u0105 tak\u0105 wtyczk\u0119, Pa\u0144stwa przegl\u0105darka nawi\u0105\u017ce bezpo\u015brednie po\u0142\u0105czenie z serwerami administrator\u00f3w serwis\u00f3w spo\u0142eczno\u015bciowych (us\u0142ugodawc\u00f3w). Zawarto\u015b\u0107 wtyczki jest przekazywana przez danego us\u0142ugodawc\u0119 bezpo\u015brednio do Pa\u0144stwa przegl\u0105darki i integrowana ze stron\u0105. Dzi\u0119ki tej integracji us\u0142ugodawcy otrzymuj\u0105 informacj\u0119, \u017ce Pa\u0144stwa przegl\u0105darka wy\u015bwietli\u0142a nasz\u0105 stron\u0119, nawet je\u015bli nie posiadaj\u0105 Pa\u0144stwo profilu u danego us\u0142ugodawcy czy nie sa Pa\u0144stwo u niego akurat zalogowani. Taka informacja (wraz z Pa\u0144stwa adresem IP) jest przez Pa\u0144stwa przegl\u0105dark\u0119 przesy\u0142ana bezpo\u015brednio do serwera danego us\u0142ugodawcy i tam przechowywana. Je\u015bli zalogowali si\u0119 Pa\u0144stwo do jednego z serwis\u00f3w spo\u0142eczno\u015bciowych, to us\u0142ugodawca ten b\u0119dzie m\u00f3g\u0142 bezpo\u015brednio przyporz\u0105dkowa\u0107 wizyt\u0119 na naszej stronie do Pa\u0144stwa profilu w danym serwisie spo\u0142eczno\u015bciowym. Cel i zakres gromadzenia danych oraz ich dalszego przetwarzania i wykorzystania przez us\u0142ugodawc\u00f3w, jak r\u00f3wnie\u017c mo\u017cliwo\u015b\u0107 kontaktu oraz Pa\u0144stwa prawa w tym zakresie i mo\u017cliwo\u015b\u0107 dokonania ustawie\u0144 zapewniaj\u0105cych ochron\u0119 Pa\u0144stwa prywatno\u015bci zosta\u0142y opisane w polityce prywatno\u015bci poszczeg\u00f3lnych us\u0142ugodawc\u00f3w.<br>Facebook &#8211; https:\/\/www.facebook.com\/legal\/FB_Work_Privacy<br>Google &#8211; https:\/\/policies.google.com\/privacy?hl=pl<br>Je\u015bli nie chc\u0105 Pa\u0144stwo, aby serwisy spo\u0142eczno\u015bciowe przyporz\u0105dkowywa\u0142y dane zebrane w trakcie odwiedzin na naszej stronie internetowej bezpo\u015brednio Pa\u0144stwa profilowi w danym serwisie, to przed wizyt\u0105 na naszej stronie konieczne jest wylogowa\u0107 si\u0119 z tego serwisu. Mo\u017cna r\u00f3wnie\u017c ca\u0142kowicie uniemo\u017cliwi\u0107 za\u0142adowanie na stronie wtyczek stosuj\u0105c odpowiednie rozszerzenia dla Pa\u0144stwa przegl\u0105darki.<\/p>\n\n\n\n<p>Pani\/Pana dane osobowe mo\u017cemy udost\u0119pnia\u0107 nast\u0119puj\u0105cym kategoriom podmiot\u00f3w: podwykonawcom, czyli podmiotom, z kt\u00f3rych korzystamy przy ich przetwarzaniu, mi\u0119dzy innymi takim jak:<br>\uf0be podmiot prowadz\u0105cy obs\u0142ug\u0119 ksi\u0119gow\u0105 i kadrow\u0105 naszej firmy;<br>\uf0be firma informatyczna z kt\u00f3rej us\u0142ug korzystamy w celu utrzymania serwera,<br>\uf0be firmy kt\u00f3re na nasze zlecenie prowadz\u0105 dzia\u0142ania marketingowe dla naszej firmy,<br>\uf0be kancelaria prawna z kt\u00f3rej us\u0142ug korzystamy, w celu dochodzenia roszcze\u0144 czy rozstrzyganiu ewentualnych spor\u00f3w,<br>\uf0be podmioty realizuj\u0105ce na nasz\u0105 rzecz us\u0142ugi monta\u017cu oraz wspomagaj\u0105ce nasz\u0105 dzia\u0142alno\u015b\u0107 jako po\u015brednicy sprzeda\u017cy naszych produkt\u00f3w.<br>Pani\/Pana dane pozyskane w celu zawarcia i realizacji umowy sprzeda\u017cy naszych towar\u00f3w lub us\u0142ug przechowujemy i przetwarzamy przez okres trwania umowy a\u017c do ko\u0144ca okresu przedawnienia potencjalnych roszcze\u0144 z tytu\u0142u zawartych um\u00f3w.<br>Pani\/Pana podstawowe dane kontaktowe przechowujemy dla potrzeb marketingu bezpo\u015bredniego naszych produkt\u00f3w i us\u0142ug do czasu, a\u017c zg\u0142osi Pani\/Pan sprzeciw wzgl\u0119dem ich przetwarzania w tym celu, cofnie Pani\/ Pan zgod\u0119, je\u015bli przetwarzali\u015bmy je na podstawie tzw. zgody marketingowej, lub sami ustalimy, \u017ce si\u0119 zdezaktualizowa\u0142y.<br>Zgodnie z postanowieniami RODO, przys\u0142uguje Pani\/Panu:<br>\uf0be prawo dost\u0119pu do swoich danych oraz otrzymania ich kopii;<br>\uf0be prawo do sprostowania (poprawiania) swoich danych;<br>\uf0be prawo do usuni\u0119cia danych:<br>Je\u017celi Pani\/Pana zdaniem nie ma podstaw do tego, aby\u015bmy przetwarzali Pani\/Pana dane osobowe, mo\u017ce Pani\/Pan za\u017c\u0105da\u0107, aby\u015bmy je usun\u0119li.<br>\uf0be ograniczenia przetwarzania danych:<br>Mo\u017ce Pani\/Pan za\u017c\u0105da\u0107, aby\u015bmy ograniczyli przetwarzanie Pani\/Pana danych osobowych wy\u0142\u0105cznie do ich przechowywania lub wykonywania uzgodnionych z pani\u0105\/Panem dzia\u0142a\u0144, je\u017celi Pani\/Pana zdaniem mamy nieprawid\u0142owe dane na Pani\/Pana temat lub przetwarzamy je bezpodstawnie; lub nie chce Pani\/Pan, \u017ceby\u015bmy je usun\u0119li, bo s\u0105 potrzebne do ustalenia, dochodzenia lub obrony roszcze\u0144; lub na czas wniesionego przez Pani\u0105\/Pana sprzeciwu wzgl\u0119dem przetwarzania danych, a tak\u017ce prawo do przenoszenia danych; prawo do wniesienia skargi do organu nadzorczego; prawo do cofni\u0119cia zgody na przetwarzanie danych osobowych.<br>W ka\u017cdej chwili ma Pani\/Pan prawo cofn\u0105\u0107 zgod\u0119 na przetwarzanie tych danych osobowych, kt\u00f3re przetwarzamy na podstawie Pani\/Pana zgody. Cofni\u0119cie zgody nie b\u0119dzie wp\u0142ywa\u0107 na zgodno\u015b\u0107 z prawem przetwarzania, kt\u00f3rego dokonano na podstawie Pani\/Pana zgody przed jej wycofaniem.<br>Zgoda na PLIKI COOKIES<br>Na stronie www.aplo.com.pl wykorzystujemy pliki cookies.<br>Cookies to niewielkie informacje tekstowe, przechowywane na Pa\u0144stwa urz\u0105dzeniu ko\u0144cowym (np. komputerze, tablecie, smartfonie), kt\u00f3re mog\u0105 by\u0107 odczytywane przez nasz system teleinformatyczny (cookies w\u0142asne) lub system teleinformatyczny podmiot\u00f3w trzecich (cookies podmiot\u00f3w trzecich). Cookies s\u0105 zachowywane na Pa\u0144stwa urz\u0105dzeniu ko\u0144cowym i umo\u017cliwiaj\u0105 nam rozpoznanie Pa\u0144stwa przegl\u0105darki przy kolejnym wej\u015bciu na stron\u0119.<br>Podczas pierwszej wizyty na stronie wy\u015bwietlana jest informacja na temat stosowania plik\u00f3w cookies. Dzi\u0119ki specjalnemu narz\u0119dziu macie Pa\u0144stwo mo\u017cliwo\u015b\u0107 zarz\u0105dzania plikami cookies z poziomu strony. Ponadto, zawsze mo\u017cna zmieni\u0107 ustawienia cookies z poziomu swojej przegl\u0105darki albo w og\u00f3le usun\u0105\u0107 pliki cookies. Przegl\u0105darki zarz\u0105dzaj\u0105 ustawieniami cookies na r\u00f3\u017cne sposoby.<br>Cookies wykorzystywane s\u0105 w celu zapewnienia prawid\u0142owego dzia\u0142ania strony,<br>W celu wykonania swoich praw prosz\u0119 skierowa\u0107 \u017c\u0105danie drog\u0105 listown\u0105 pod adres APLO Jacek Grabski, ul. Waniliowa 3D, 02-969 Warszawa, drog\u0105 elektroniczn\u0105 na adres email: biuro@aplo.com.pl lub zadzwoni\u0107 pod numer: 501000200.<br>Nie przekazujemy Pani\/Pana danych poza teren Polski\/UE\/Europejskiego Obszaru Gospodarczego.<\/p>\n\n\n\n<p><\/p>\n\n\n<div class=\"kk-star-ratings kksr-auto kksr-align-right kksr-valign-bottom\"\n    data-payload='{&quot;align&quot;:&quot;right&quot;,&quot;id&quot;:&quot;353&quot;,&quot;slug&quot;:&quot;default&quot;,&quot;valign&quot;:&quot;bottom&quot;,&quot;ignore&quot;:&quot;&quot;,&quot;reference&quot;:&quot;auto&quot;,&quot;class&quot;:&quot;&quot;,&quot;count&quot;:&quot;0&quot;,&quot;legendonly&quot;:&quot;&quot;,&quot;readonly&quot;:&quot;&quot;,&quot;score&quot;:&quot;0&quot;,&quot;starsonly&quot;:&quot;&quot;,&quot;best&quot;:&quot;5&quot;,&quot;gap&quot;:&quot;5&quot;,&quot;greet&quot;:&quot;Jak oceniasz t\u0119 tre\u015b\u0107?&quot;,&quot;legend&quot;:&quot;\u015arednia ocena: 0 \\\/ 5 (na podstawie 0 g\u0142os\u00f3w)&quot;,&quot;size&quot;:&quot;24&quot;,&quot;title&quot;:&quot;Polityka prywatno\u015bci i plik\u00f3w cookies&quot;,&quot;width&quot;:&quot;0&quot;,&quot;_legend&quot;:&quot;\u015arednia ocena: {score} \\\/ {best} (na podstawie {count} g\u0142os\u00f3w)&quot;,&quot;font_factor&quot;:&quot;1.25&quot;}'>\n            \n<div class=\"kksr-stars\">\n    \n<div class=\"kksr-stars-inactive\">\n            <div class=\"kksr-star\" data-star=\"1\" style=\"padding-right: 5px\">\n            \n\n<div class=\"kksr-icon\" style=\"width: 24px; height: 24px;\"><\/div>\n        <\/div>\n            <div class=\"kksr-star\" data-star=\"2\" style=\"padding-right: 5px\">\n            \n\n<div class=\"kksr-icon\" style=\"width: 24px; height: 24px;\"><\/div>\n        <\/div>\n            <div class=\"kksr-star\" data-star=\"3\" style=\"padding-right: 5px\">\n            \n\n<div class=\"kksr-icon\" style=\"width: 24px; height: 24px;\"><\/div>\n        <\/div>\n            <div class=\"kksr-star\" data-star=\"4\" style=\"padding-right: 5px\">\n            \n\n<div class=\"kksr-icon\" style=\"width: 24px; height: 24px;\"><\/div>\n        <\/div>\n            <div class=\"kksr-star\" data-star=\"5\" style=\"padding-right: 5px\">\n            \n\n<div class=\"kksr-icon\" style=\"width: 24px; height: 24px;\"><\/div>\n        <\/div>\n    <\/div>\n    \n<div class=\"kksr-stars-active\" style=\"width: 0px;\">\n            <div class=\"kksr-star\" style=\"padding-right: 5px\">\n            \n\n<div class=\"kksr-icon\" style=\"width: 24px; height: 24px;\"><\/div>\n        <\/div>\n            <div class=\"kksr-star\" style=\"padding-right: 5px\">\n            \n\n<div class=\"kksr-icon\" style=\"width: 24px; height: 24px;\"><\/div>\n        <\/div>\n            <div class=\"kksr-star\" style=\"padding-right: 5px\">\n            \n\n<div class=\"kksr-icon\" style=\"width: 24px; height: 24px;\"><\/div>\n        <\/div>\n            <div class=\"kksr-star\" style=\"padding-right: 5px\">\n            \n\n<div class=\"kksr-icon\" style=\"width: 24px; height: 24px;\"><\/div>\n        <\/div>\n            <div class=\"kksr-star\" style=\"padding-right: 5px\">\n            \n\n<div class=\"kksr-icon\" style=\"width: 24px; height: 24px;\"><\/div>\n        <\/div>\n    <\/div>\n<\/div>\n                \n\n<div class=\"kksr-legend\" style=\"font-size: 19.2px;\">\n            <span class=\"kksr-muted\">Jak oceniasz t\u0119 tre\u015b\u0107?<\/span>\n    <\/div>\n    <\/div>\n","protected":false},"excerpt":{"rendered":"<p>Polityka prywatno\u015bci i plik\u00f3w cookies Poni\u017cej znajd\u0105 Pa\u0144stwo zasady przetwarzania danych osobowych oraz wykorzystywania plik\u00f3w cookies w zwi\u0105zku z korzystaniem ze strony www.aplo.com.plAdministratorem danych osobowych jest firma APLO Jacek Grabski, Adres: ul. Waniliowa 3D, 02-969 Warszawa, NIP: 9511585667.W sprawach dotycz\u0105cych przetwarzana danych osobowych prosz\u0119 kontaktowa\u0107 si\u0119 z nami pisemnie na adres: ul. Waniliowa 3D, 02-969 [&hellip;]<\/p>\n","protected":false},"author":1,"featured_media":0,"parent":0,"menu_order":0,"comment_status":"closed","ping_status":"closed","template":"","meta":{"footnotes":""},"yoast_head":"<!-- This site is optimized with the Yoast SEO plugin v20.6 - https:\/\/yoast.com\/wordpress\/plugins\/seo\/ -->\n<title>Polityka prywatno\u015bci i plik\u00f3w cookies &ndash; Aplo<\/title>\n<meta name=\"robots\" content=\"noindex, nofollow\" \/>\n<meta property=\"og:locale\" content=\"en_US\" \/>\n<meta property=\"og:type\" content=\"article\" \/>\n<meta property=\"og:title\" content=\"Polityka prywatno\u015bci i plik\u00f3w cookies &ndash; Aplo\" \/>\n<meta property=\"og:description\" content=\"Polityka prywatno\u015bci i plik\u00f3w cookies Poni\u017cej znajd\u0105 Pa\u0144stwo zasady przetwarzania danych osobowych oraz wykorzystywania plik\u00f3w cookies w zwi\u0105zku z korzystaniem ze strony www.aplo.com.plAdministratorem danych osobowych jest firma APLO Jacek Grabski, Adres: ul. Waniliowa 3D, 02-969 Warszawa, NIP: 9511585667.W sprawach dotycz\u0105cych przetwarzana danych osobowych prosz\u0119 kontaktowa\u0107 si\u0119 z nami pisemnie na adres: ul. Waniliowa 3D, 02-969 [&hellip;]\" \/>\n<meta property=\"og:url\" content=\"https:\/\/www.aplo.com.pl\/en\/polityka-prywatnosci\/\" \/>\n<meta property=\"og:site_name\" content=\"Aplo\" \/>\n<meta property=\"article:modified_time\" content=\"2023-03-12T21:56:52+00:00\" \/>\n<meta name=\"twitter:card\" content=\"summary_large_image\" \/>\n<meta name=\"twitter:label1\" content=\"Est. reading time\" \/>\n\t<meta name=\"twitter:data1\" content=\"7 minutes\" \/>\n<script type=\"application\/ld+json\" class=\"yoast-schema-graph\">{\"@context\":\"https:\/\/schema.org\",\"@graph\":[{\"@type\":\"WebPage\",\"@id\":\"https:\/\/www.aplo.com.pl\/en\/polityka-prywatnosci\/\",\"url\":\"https:\/\/www.aplo.com.pl\/en\/polityka-prywatnosci\/\",\"name\":\"Polityka prywatno\u015bci i plik\u00f3w cookies &ndash; Aplo\",\"isPartOf\":{\"@id\":\"https:\/\/www.aplo.com.pl\/#website\"},\"datePublished\":\"2022-04-01T10:12:56+00:00\",\"dateModified\":\"2023-03-12T21:56:52+00:00\",\"breadcrumb\":{\"@id\":\"https:\/\/www.aplo.com.pl\/en\/polityka-prywatnosci\/#breadcrumb\"},\"inLanguage\":\"en-US\",\"potentialAction\":[{\"@type\":\"ReadAction\",\"target\":[\"https:\/\/www.aplo.com.pl\/en\/polityka-prywatnosci\/\"]}]},{\"@type\":\"BreadcrumbList\",\"@id\":\"https:\/\/www.aplo.com.pl\/en\/polityka-prywatnosci\/#breadcrumb\",\"itemListElement\":[{\"@type\":\"ListItem\",\"position\":1,\"name\":\"Strona g\u0142\u00f3wna\",\"item\":\"https:\/\/www.aplo.com.pl\/en\/\"},{\"@type\":\"ListItem\",\"position\":2,\"name\":\"Polityka prywatno\u015bci i plik\u00f3w cookies\"}]},{\"@type\":\"WebSite\",\"@id\":\"https:\/\/www.aplo.com.pl\/#website\",\"url\":\"https:\/\/www.aplo.com.pl\/\",\"name\":\"APLO\",\"description\":\"\",\"potentialAction\":[{\"@type\":\"SearchAction\",\"target\":{\"@type\":\"EntryPoint\",\"urlTemplate\":\"https:\/\/www.aplo.com.pl\/?s={search_term_string}\"},\"query-input\":\"required name=search_term_string\"}],\"inLanguage\":\"en-US\"}]}<\/script>\n<!-- \/ Yoast SEO plugin. -->","yoast_head_json":{"title":"Polityka prywatno\u015bci i plik\u00f3w cookies &ndash; Aplo","robots":{"index":"noindex","follow":"nofollow"},"og_locale":"en_US","og_type":"article","og_title":"Polityka prywatno\u015bci i plik\u00f3w cookies &ndash; Aplo","og_description":"Polityka prywatno\u015bci i plik\u00f3w cookies Poni\u017cej znajd\u0105 Pa\u0144stwo zasady przetwarzania danych osobowych oraz wykorzystywania plik\u00f3w cookies w zwi\u0105zku z korzystaniem ze strony www.aplo.com.plAdministratorem danych osobowych jest firma APLO Jacek Grabski, Adres: ul. Waniliowa 3D, 02-969 Warszawa, NIP: 9511585667.W sprawach dotycz\u0105cych przetwarzana danych osobowych prosz\u0119 kontaktowa\u0107 si\u0119 z nami pisemnie na adres: ul. Waniliowa 3D, 02-969 [&hellip;]","og_url":"https:\/\/www.aplo.com.pl\/en\/polityka-prywatnosci\/","og_site_name":"Aplo","article_modified_time":"2023-03-12T21:56:52+00:00","twitter_card":"summary_large_image","twitter_misc":{"Est. reading time":"7 minutes"},"schema":{"@context":"https:\/\/schema.org","@graph":[{"@type":"WebPage","@id":"https:\/\/www.aplo.com.pl\/en\/polityka-prywatnosci\/","url":"https:\/\/www.aplo.com.pl\/en\/polityka-prywatnosci\/","name":"Polityka prywatno\u015bci i plik\u00f3w cookies &ndash; Aplo","isPartOf":{"@id":"https:\/\/www.aplo.com.pl\/#website"},"datePublished":"2022-04-01T10:12:56+00:00","dateModified":"2023-03-12T21:56:52+00:00","breadcrumb":{"@id":"https:\/\/www.aplo.com.pl\/en\/polityka-prywatnosci\/#breadcrumb"},"inLanguage":"en-US","potentialAction":[{"@type":"ReadAction","target":["https:\/\/www.aplo.com.pl\/en\/polityka-prywatnosci\/"]}]},{"@type":"BreadcrumbList","@id":"https:\/\/www.aplo.com.pl\/en\/polityka-prywatnosci\/#breadcrumb","itemListElement":[{"@type":"ListItem","position":1,"name":"Strona g\u0142\u00f3wna","item":"https:\/\/www.aplo.com.pl\/en\/"},{"@type":"ListItem","position":2,"name":"Polityka prywatno\u015bci i plik\u00f3w cookies"}]},{"@type":"WebSite","@id":"https:\/\/www.aplo.com.pl\/#website","url":"https:\/\/www.aplo.com.pl\/","name":"APLO","description":"","potentialAction":[{"@type":"SearchAction","target":{"@type":"EntryPoint","urlTemplate":"https:\/\/www.aplo.com.pl\/?s={search_term_string}"},"query-input":"required name=search_term_string"}],"inLanguage":"en-US"}]}},"acf":[],"_links":{"self":[{"href":"https:\/\/www.aplo.com.pl\/en\/wp-json\/wp\/v2\/pages\/353"}],"collection":[{"href":"https:\/\/www.aplo.com.pl\/en\/wp-json\/wp\/v2\/pages"}],"about":[{"href":"https:\/\/www.aplo.com.pl\/en\/wp-json\/wp\/v2\/types\/page"}],"author":[{"embeddable":true,"href":"https:\/\/www.aplo.com.pl\/en\/wp-json\/wp\/v2\/users\/1"}],"replies":[{"embeddable":true,"href":"https:\/\/www.aplo.com.pl\/en\/wp-json\/wp\/v2\/comments?post=353"}],"version-history":[{"count":2,"href":"https:\/\/www.aplo.com.pl\/en\/wp-json\/wp\/v2\/pages\/353\/revisions"}],"predecessor-version":[{"id":1251,"href":"https:\/\/www.aplo.com.pl\/en\/wp-json\/wp\/v2\/pages\/353\/revisions\/1251"}],"wp:attachment":[{"href":"https:\/\/www.aplo.com.pl\/en\/wp-json\/wp\/v2\/media?parent=353"}],"curies":[{"name":"wp","href":"https:\/\/api.w.org\/{rel}","templated":true}]}}