{"id":349,"date":"2022-04-06T20:25:29","date_gmt":"2022-04-06T18:25:29","guid":{"rendered":"https:\/\/www.aplo.com.pl\/zamow-wycene\/"},"modified":"2022-04-06T20:25:29","modified_gmt":"2022-04-06T18:25:29","slug":"zamow-wycene","status":"publish","type":"page","link":"https:\/\/www.aplo.com.pl\/en\/zamow-wycene\/","title":{"rendered":"Zam\u00f3w wycen\u0119"},"content":{"rendered":"\n\n<div class=\"kk-star-ratings kksr-auto kksr-align-right kksr-valign-bottom\"\n    data-payload='{&quot;align&quot;:&quot;right&quot;,&quot;id&quot;:&quot;349&quot;,&quot;slug&quot;:&quot;default&quot;,&quot;valign&quot;:&quot;bottom&quot;,&quot;ignore&quot;:&quot;&quot;,&quot;reference&quot;:&quot;auto&quot;,&quot;class&quot;:&quot;&quot;,&quot;count&quot;:&quot;0&quot;,&quot;legendonly&quot;:&quot;&quot;,&quot;readonly&quot;:&quot;&quot;,&quot;score&quot;:&quot;0&quot;,&quot;starsonly&quot;:&quot;&quot;,&quot;best&quot;:&quot;5&quot;,&quot;gap&quot;:&quot;5&quot;,&quot;greet&quot;:&quot;Jak oceniasz t\u0119 tre\u015b\u0107?&quot;,&quot;legend&quot;:&quot;\u015arednia ocena: 0 \\\/ 5 (na podstawie 0 g\u0142os\u00f3w)&quot;,&quot;size&quot;:&quot;24&quot;,&quot;title&quot;:&quot;Zam\u00f3w wycen\u0119&quot;,&quot;width&quot;:&quot;0&quot;,&quot;_legend&quot;:&quot;\u015arednia ocena: {score} \\\/ {best} (na podstawie {count} g\u0142os\u00f3w)&quot;,&quot;font_factor&quot;:&quot;1.25&quot;}'>\n            \n<div class=\"kksr-stars\">\n    \n<div class=\"kksr-stars-inactive\">\n            <div class=\"kksr-star\" data-star=\"1\" style=\"padding-right: 5px\">\n            \n\n<div class=\"kksr-icon\" style=\"width: 24px; height: 24px;\"><\/div>\n        <\/div>\n            <div class=\"kksr-star\" data-star=\"2\" style=\"padding-right: 5px\">\n            \n\n<div class=\"kksr-icon\" style=\"width: 24px; height: 24px;\"><\/div>\n        <\/div>\n            <div class=\"kksr-star\" data-star=\"3\" style=\"padding-right: 5px\">\n            \n\n<div class=\"kksr-icon\" style=\"width: 24px; height: 24px;\"><\/div>\n        <\/div>\n            <div class=\"kksr-star\" data-star=\"4\" style=\"padding-right: 5px\">\n            \n\n<div class=\"kksr-icon\" style=\"width: 24px; height: 24px;\"><\/div>\n        <\/div>\n            <div class=\"kksr-star\" data-star=\"5\" style=\"padding-right: 5px\">\n            \n\n<div class=\"kksr-icon\" style=\"width: 24px; height: 24px;\"><\/div>\n        <\/div>\n    <\/div>\n    \n<div class=\"kksr-stars-active\" style=\"width: 0px;\">\n            <div class=\"kksr-star\" style=\"padding-right: 5px\">\n            \n\n<div class=\"kksr-icon\" style=\"width: 24px; height: 24px;\"><\/div>\n        <\/div>\n            <div class=\"kksr-star\" style=\"padding-right: 5px\">\n            \n\n<div class=\"kksr-icon\" style=\"width: 24px; height: 24px;\"><\/div>\n        <\/div>\n            <div class=\"kksr-star\" style=\"padding-right: 5px\">\n            \n\n<div class=\"kksr-icon\" style=\"width: 24px; height: 24px;\"><\/div>\n        <\/div>\n            <div class=\"kksr-star\" style=\"padding-right: 5px\">\n            \n\n<div class=\"kksr-icon\" style=\"width: 24px; height: 24px;\"><\/div>\n        <\/div>\n            <div class=\"kksr-star\" style=\"padding-right: 5px\">\n            \n\n<div class=\"kksr-icon\" style=\"width: 24px; height: 24px;\"><\/div>\n        <\/div>\n    <\/div>\n<\/div>\n                \n\n<div class=\"kksr-legend\" style=\"font-size: 19.2px;\">\n            <span class=\"kksr-muted\">Jak oceniasz t\u0119 tre\u015b\u0107?<\/span>\n    <\/div>\n    <\/div>\n","protected":false},"excerpt":{"rendered":"","protected":false},"author":1,"featured_media":0,"parent":0,"menu_order":0,"comment_status":"closed","ping_status":"closed","template":"template-wycena.php","meta":{"footnotes":""},"yoast_head":"<!-- This site is optimized with the Yoast SEO plugin v20.6 - https:\/\/yoast.com\/wordpress\/plugins\/seo\/ -->\n<title>Zam\u00f3w wycen\u0119 &ndash; Aplo<\/title>\n<meta name=\"robots\" content=\"noindex, nofollow\" \/>\n<meta property=\"og:locale\" content=\"en_US\" \/>\n<meta property=\"og:type\" content=\"article\" \/>\n<meta property=\"og:title\" content=\"Zam\u00f3w wycen\u0119 &ndash; Aplo\" \/>\n<meta property=\"og:url\" content=\"https:\/\/www.aplo.com.pl\/en\/zamow-wycene\/\" \/>\n<meta property=\"og:site_name\" content=\"Aplo\" \/>\n<meta name=\"twitter:card\" content=\"summary_large_image\" \/>\n<script type=\"application\/ld+json\" class=\"yoast-schema-graph\">{\"@context\":\"https:\/\/schema.org\",\"@graph\":[{\"@type\":\"WebPage\",\"@id\":\"https:\/\/www.aplo.com.pl\/en\/zamow-wycene\/\",\"url\":\"https:\/\/www.aplo.com.pl\/en\/zamow-wycene\/\",\"name\":\"Zam\u00f3w wycen\u0119 &ndash; Aplo\",\"isPartOf\":{\"@id\":\"https:\/\/www.aplo.com.pl\/#website\"},\"datePublished\":\"2022-04-06T18:25:29+00:00\",\"dateModified\":\"2022-04-06T18:25:29+00:00\",\"breadcrumb\":{\"@id\":\"https:\/\/www.aplo.com.pl\/en\/zamow-wycene\/#breadcrumb\"},\"inLanguage\":\"en-US\",\"potentialAction\":[{\"@type\":\"ReadAction\",\"target\":[\"https:\/\/www.aplo.com.pl\/en\/zamow-wycene\/\"]}]},{\"@type\":\"BreadcrumbList\",\"@id\":\"https:\/\/www.aplo.com.pl\/en\/zamow-wycene\/#breadcrumb\",\"itemListElement\":[{\"@type\":\"ListItem\",\"position\":1,\"name\":\"Strona g\u0142\u00f3wna\",\"item\":\"https:\/\/www.aplo.com.pl\/en\/\"},{\"@type\":\"ListItem\",\"position\":2,\"name\":\"Zam\u00f3w wycen\u0119\"}]},{\"@type\":\"WebSite\",\"@id\":\"https:\/\/www.aplo.com.pl\/#website\",\"url\":\"https:\/\/www.aplo.com.pl\/\",\"name\":\"APLO\",\"description\":\"\",\"potentialAction\":[{\"@type\":\"SearchAction\",\"target\":{\"@type\":\"EntryPoint\",\"urlTemplate\":\"https:\/\/www.aplo.com.pl\/?s={search_term_string}\"},\"query-input\":\"required name=search_term_string\"}],\"inLanguage\":\"en-US\"}]}<\/script>\n<!-- \/ Yoast SEO plugin. -->","yoast_head_json":{"title":"Zam\u00f3w wycen\u0119 &ndash; Aplo","robots":{"index":"noindex","follow":"nofollow"},"og_locale":"en_US","og_type":"article","og_title":"Zam\u00f3w wycen\u0119 &ndash; Aplo","og_url":"https:\/\/www.aplo.com.pl\/en\/zamow-wycene\/","og_site_name":"Aplo","twitter_card":"summary_large_image","schema":{"@context":"https:\/\/schema.org","@graph":[{"@type":"WebPage","@id":"https:\/\/www.aplo.com.pl\/en\/zamow-wycene\/","url":"https:\/\/www.aplo.com.pl\/en\/zamow-wycene\/","name":"Zam\u00f3w wycen\u0119 &ndash; Aplo","isPartOf":{"@id":"https:\/\/www.aplo.com.pl\/#website"},"datePublished":"2022-04-06T18:25:29+00:00","dateModified":"2022-04-06T18:25:29+00:00","breadcrumb":{"@id":"https:\/\/www.aplo.com.pl\/en\/zamow-wycene\/#breadcrumb"},"inLanguage":"en-US","potentialAction":[{"@type":"ReadAction","target":["https:\/\/www.aplo.com.pl\/en\/zamow-wycene\/"]}]},{"@type":"BreadcrumbList","@id":"https:\/\/www.aplo.com.pl\/en\/zamow-wycene\/#breadcrumb","itemListElement":[{"@type":"ListItem","position":1,"name":"Strona g\u0142\u00f3wna","item":"https:\/\/www.aplo.com.pl\/en\/"},{"@type":"ListItem","position":2,"name":"Zam\u00f3w wycen\u0119"}]},{"@type":"WebSite","@id":"https:\/\/www.aplo.com.pl\/#website","url":"https:\/\/www.aplo.com.pl\/","name":"APLO","description":"","potentialAction":[{"@type":"SearchAction","target":{"@type":"EntryPoint","urlTemplate":"https:\/\/www.aplo.com.pl\/?s={search_term_string}"},"query-input":"required name=search_term_string"}],"inLanguage":"en-US"}]}},"acf":[],"_links":{"self":[{"href":"https:\/\/www.aplo.com.pl\/en\/wp-json\/wp\/v2\/pages\/349"}],"collection":[{"href":"https:\/\/www.aplo.com.pl\/en\/wp-json\/wp\/v2\/pages"}],"about":[{"href":"https:\/\/www.aplo.com.pl\/en\/wp-json\/wp\/v2\/types\/page"}],"author":[{"embeddable":true,"href":"https:\/\/www.aplo.com.pl\/en\/wp-json\/wp\/v2\/users\/1"}],"replies":[{"embeddable":true,"href":"https:\/\/www.aplo.com.pl\/en\/wp-json\/wp\/v2\/comments?post=349"}],"version-history":[{"count":0,"href":"https:\/\/www.aplo.com.pl\/en\/wp-json\/wp\/v2\/pages\/349\/revisions"}],"wp:attachment":[{"href":"https:\/\/www.aplo.com.pl\/en\/wp-json\/wp\/v2\/media?parent=349"}],"curies":[{"name":"wp","href":"https:\/\/api.w.org\/{rel}","templated":true}]}}