{"id":346,"date":"2022-04-06T20:26:04","date_gmt":"2022-04-06T18:26:04","guid":{"rendered":"https:\/\/www.aplo.com.pl\/o-nas\/"},"modified":"2026-03-11T08:47:14","modified_gmt":"2026-03-11T07:47:14","slug":"o-nas","status":"publish","type":"page","link":"https:\/\/www.aplo.com.pl\/en\/o-nas\/","title":{"rendered":"O nas"},"content":{"rendered":"\n<div class=\"wp-block-columns is-layout-flex wp-container-3 wp-block-columns-is-layout-flex\">\n<div class=\"wp-block-column is-layout-flow wp-block-column-is-layout-flow\">\n<h4>Firma APLO jest firm\u0105 z wieloletnim do\u015bwiadczeniem, szczyc\u0105c\u0105 si\u0119 realizacj\u0105 wielu projekt\u00f3w zadasze\u0144 tarasowych, pergoli tarasowych oraz wiat gara\u017cowych.<\/h4>\n<p><strong>Firma APLO<\/strong> powsta\u0142a z potrzeby zaspokojenia oczekiwa\u0144 Klient\u00f3w, pragn\u0105cych bezpiecznego, designerskiego i nowoczesnego zadaszenia tarasu.<\/p>\n<p><strong>Priorytetem firmy jest zadowolenie Klienta<\/strong>, a jest to mo\u017cliwe dzi\u0119ki wykorzystywaniu najwy\u017cszej jako\u015bci materia\u0142\u00f3w w oferowanych produktach, dostrzeganiu znaczenia estetyki jak r\u00f3wnie\u017c eksperckiemu do\u015bwiadczeniu w projektowaniu i wdra\u017caniu rozwi\u0105za\u0144 przy ka\u017cdej realizacji.<\/p>\n<p>W naszej firmie pracuj\u0105 osoby z wieloletnim do\u015bwiadczeniem stolarsko-konstrukcyjnym, dzi\u0119ki czemu jeste\u015bmy gotowi na <strong>uwzgl\u0119dnienie potrzeb ka\u017cdego Klienta.<\/strong><\/p>\n<\/div>\n\n\n\n<div class=\"wp-block-column is-layout-flow wp-block-column-is-layout-flow\">\n<figure class=\"wp-block-image size-full\"><img decoding=\"async\" width=\"600\" height=\"338\" src=\"https:\/\/www.aplo.com.pl\/wp-content\/uploads\/2022\/04\/AdobeStock_428759865_Preview.webp\" alt=\"\" class=\"wp-image-313\" srcset=\"https:\/\/www.aplo.com.pl\/wp-content\/uploads\/2022\/04\/AdobeStock_428759865_Preview.webp 600w, https:\/\/www.aplo.com.pl\/wp-content\/uploads\/2022\/04\/AdobeStock_428759865_Preview-300x169.webp 300w\" sizes=\"(max-width: 600px) 100vw, 600px\" \/><\/figure>\n<\/div>\n<\/div>\n\n\n\n<div class=\"wp-block-columns is-layout-flex wp-container-7 wp-block-columns-is-layout-flex\">\n<div class=\"wp-block-column is-layout-flow wp-block-column-is-layout-flow\">\n<figure class=\"wp-block-image size-full\"><img decoding=\"async\" width=\"600\" height=\"338\" src=\"https:\/\/www.aplo.com.pl\/wp-content\/uploads\/2022\/04\/AdobeStock_118001684_Preview.jpg\" alt=\"\" class=\"wp-image-316\" srcset=\"https:\/\/www.aplo.com.pl\/wp-content\/uploads\/2022\/04\/AdobeStock_118001684_Preview.jpg 600w, https:\/\/www.aplo.com.pl\/wp-content\/uploads\/2022\/04\/AdobeStock_118001684_Preview-300x169.jpg 300w\" sizes=\"(max-width: 600px) 100vw, 600px\" \/><\/figure>\n<\/div>\n\n\n\n<div class=\"wp-block-column is-layout-flow wp-block-column-is-layout-flow\">\n<h4>W firmie APLO d\u0105\u017cymy do tego, aby nasze produkty cechowa\u0142y si\u0119 trwa\u0142o\u015bci\u0105, bezpiecze\u0144stwem oraz estetyk\u0105, czyli tym wszystkim czego oczekuj\u0105 nasi Klienci.<\/h4>\n<p>Wysoka jako\u015b\u0107 oferowanych produkt\u00f3w idzie w parze z konkurencyjn\u0105 cen\u0105, przez co znajdujemy uznanie w\u015br\u00f3d licznych odbiorc\u00f3w. <strong>Nasz\u0105 przewag\u0119 budujemy dzi\u0119ki jako\u015bci.<\/strong><\/p>\n<p>Jeste\u015bmy przekonani, \u017ce wyb\u00f3r naszych produkt\u00f3w zapewni Pa\u0144stwu zadowolenie oraz rado\u015b\u0107 z wysokiej jako\u015bci zadasze\u0144.<\/p>\n<p><a href=\"https:\/\/www.aplo.com.pl\/realizacje\/\">Zobacz nasze realizacje<\/a><\/p>\n\n\n\n<div class=\"wp-block-buttons is-layout-flex wp-block-buttons-is-layout-flex\"><\/div>\n<\/div>\n<\/div>\n\n\n<div class=\"kk-star-ratings kksr-auto kksr-align-right kksr-valign-bottom\"\n    data-payload='{&quot;align&quot;:&quot;right&quot;,&quot;id&quot;:&quot;346&quot;,&quot;slug&quot;:&quot;default&quot;,&quot;valign&quot;:&quot;bottom&quot;,&quot;ignore&quot;:&quot;&quot;,&quot;reference&quot;:&quot;auto&quot;,&quot;class&quot;:&quot;&quot;,&quot;count&quot;:&quot;3&quot;,&quot;legendonly&quot;:&quot;&quot;,&quot;readonly&quot;:&quot;&quot;,&quot;score&quot;:&quot;4.7&quot;,&quot;starsonly&quot;:&quot;&quot;,&quot;best&quot;:&quot;5&quot;,&quot;gap&quot;:&quot;5&quot;,&quot;greet&quot;:&quot;Jak oceniasz t\u0119 tre\u015b\u0107?&quot;,&quot;legend&quot;:&quot;\u015arednia ocena: 4.7 \\\/ 5 (na podstawie 3 g\u0142os\u00f3w)&quot;,&quot;size&quot;:&quot;24&quot;,&quot;title&quot;:&quot;O nas&quot;,&quot;width&quot;:&quot;133.8&quot;,&quot;_legend&quot;:&quot;\u015arednia ocena: {score} \\\/ {best} (na podstawie {count} g\u0142os\u00f3w)&quot;,&quot;font_factor&quot;:&quot;1.25&quot;}'>\n            \n<div class=\"kksr-stars\">\n    \n<div class=\"kksr-stars-inactive\">\n            <div class=\"kksr-star\" data-star=\"1\" style=\"padding-right: 5px\">\n            \n\n<div class=\"kksr-icon\" style=\"width: 24px; height: 24px;\"><\/div>\n        <\/div>\n            <div class=\"kksr-star\" data-star=\"2\" style=\"padding-right: 5px\">\n            \n\n<div class=\"kksr-icon\" style=\"width: 24px; height: 24px;\"><\/div>\n        <\/div>\n            <div class=\"kksr-star\" data-star=\"3\" style=\"padding-right: 5px\">\n            \n\n<div class=\"kksr-icon\" style=\"width: 24px; height: 24px;\"><\/div>\n        <\/div>\n            <div class=\"kksr-star\" data-star=\"4\" style=\"padding-right: 5px\">\n            \n\n<div class=\"kksr-icon\" style=\"width: 24px; height: 24px;\"><\/div>\n        <\/div>\n            <div class=\"kksr-star\" data-star=\"5\" style=\"padding-right: 5px\">\n            \n\n<div class=\"kksr-icon\" style=\"width: 24px; height: 24px;\"><\/div>\n        <\/div>\n    <\/div>\n    \n<div class=\"kksr-stars-active\" style=\"width: 133.8px;\">\n            <div class=\"kksr-star\" style=\"padding-right: 5px\">\n            \n\n<div class=\"kksr-icon\" style=\"width: 24px; height: 24px;\"><\/div>\n        <\/div>\n            <div class=\"kksr-star\" style=\"padding-right: 5px\">\n            \n\n<div class=\"kksr-icon\" style=\"width: 24px; height: 24px;\"><\/div>\n        <\/div>\n            <div class=\"kksr-star\" style=\"padding-right: 5px\">\n            \n\n<div class=\"kksr-icon\" style=\"width: 24px; height: 24px;\"><\/div>\n        <\/div>\n            <div class=\"kksr-star\" style=\"padding-right: 5px\">\n            \n\n<div class=\"kksr-icon\" style=\"width: 24px; height: 24px;\"><\/div>\n        <\/div>\n            <div class=\"kksr-star\" style=\"padding-right: 5px\">\n            \n\n<div class=\"kksr-icon\" style=\"width: 24px; height: 24px;\"><\/div>\n        <\/div>\n    <\/div>\n<\/div>\n                \n\n<div class=\"kksr-legend\" style=\"font-size: 19.2px;\">\n            \u015arednia ocena: 4.7 \/ 5 (na podstawie 3 g\u0142os\u00f3w)    <\/div>\n    <\/div>\n","protected":false},"excerpt":{"rendered":"<p>Firma APLO jest firm\u0105 z wieloletnim do\u015bwiadczeniem, szczyc\u0105c\u0105 si\u0119 realizacj\u0105 wielu projekt\u00f3w zadasze\u0144 tarasowych, pergoli tarasowych oraz wiat gara\u017cowych. Firma APLO powsta\u0142a z potrzeby zaspokojenia oczekiwa\u0144 Klient\u00f3w, pragn\u0105cych bezpiecznego, designerskiego i nowoczesnego zadaszenia tarasu. Priorytetem firmy jest zadowolenie Klienta, a jest to mo\u017cliwe dzi\u0119ki wykorzystywaniu najwy\u017cszej jako\u015bci materia\u0142\u00f3w w oferowanych produktach, dostrzeganiu znaczenia estetyki jak [&hellip;]<\/p>\n","protected":false},"author":1,"featured_media":0,"parent":0,"menu_order":0,"comment_status":"closed","ping_status":"closed","template":"","meta":{"footnotes":""},"yoast_head":"<!-- This site is optimized with the Yoast SEO plugin v20.6 - https:\/\/yoast.com\/wordpress\/plugins\/seo\/ -->\n<title>O nas &ndash; Aplo<\/title>\n<meta name=\"robots\" content=\"noindex, nofollow\" \/>\n<meta property=\"og:locale\" content=\"en_US\" \/>\n<meta property=\"og:type\" content=\"article\" \/>\n<meta property=\"og:title\" content=\"O nas &ndash; Aplo\" \/>\n<meta property=\"og:description\" content=\"Firma APLO jest firm\u0105 z wieloletnim do\u015bwiadczeniem, szczyc\u0105c\u0105 si\u0119 realizacj\u0105 wielu projekt\u00f3w zadasze\u0144 tarasowych, pergoli tarasowych oraz wiat gara\u017cowych. Firma APLO powsta\u0142a z potrzeby zaspokojenia oczekiwa\u0144 Klient\u00f3w, pragn\u0105cych bezpiecznego, designerskiego i nowoczesnego zadaszenia tarasu. Priorytetem firmy jest zadowolenie Klienta, a jest to mo\u017cliwe dzi\u0119ki wykorzystywaniu najwy\u017cszej jako\u015bci materia\u0142\u00f3w w oferowanych produktach, dostrzeganiu znaczenia estetyki jak [&hellip;]\" \/>\n<meta property=\"og:url\" content=\"https:\/\/www.aplo.com.pl\/en\/o-nas\/\" \/>\n<meta property=\"og:site_name\" content=\"Aplo\" \/>\n<meta property=\"article:modified_time\" content=\"2026-03-11T07:47:14+00:00\" \/>\n<meta property=\"og:image\" content=\"https:\/\/www.aplo.com.pl\/wp-content\/uploads\/2022\/04\/AdobeStock_428759865_Preview.webp\" \/>\n<meta name=\"twitter:card\" content=\"summary_large_image\" \/>\n<meta name=\"twitter:label1\" content=\"Est. reading time\" \/>\n\t<meta name=\"twitter:data1\" content=\"2 minutes\" \/>\n<script type=\"application\/ld+json\" class=\"yoast-schema-graph\">{\"@context\":\"https:\/\/schema.org\",\"@graph\":[{\"@type\":\"WebPage\",\"@id\":\"https:\/\/www.aplo.com.pl\/en\/o-nas\/\",\"url\":\"https:\/\/www.aplo.com.pl\/en\/o-nas\/\",\"name\":\"O nas &ndash; Aplo\",\"isPartOf\":{\"@id\":\"https:\/\/www.aplo.com.pl\/#website\"},\"datePublished\":\"2022-04-06T18:26:04+00:00\",\"dateModified\":\"2026-03-11T07:47:14+00:00\",\"breadcrumb\":{\"@id\":\"https:\/\/www.aplo.com.pl\/en\/o-nas\/#breadcrumb\"},\"inLanguage\":\"en-US\",\"potentialAction\":[{\"@type\":\"ReadAction\",\"target\":[\"https:\/\/www.aplo.com.pl\/en\/o-nas\/\"]}]},{\"@type\":\"BreadcrumbList\",\"@id\":\"https:\/\/www.aplo.com.pl\/en\/o-nas\/#breadcrumb\",\"itemListElement\":[{\"@type\":\"ListItem\",\"position\":1,\"name\":\"Strona g\u0142\u00f3wna\",\"item\":\"https:\/\/www.aplo.com.pl\/en\/\"},{\"@type\":\"ListItem\",\"position\":2,\"name\":\"O nas\"}]},{\"@type\":\"WebSite\",\"@id\":\"https:\/\/www.aplo.com.pl\/#website\",\"url\":\"https:\/\/www.aplo.com.pl\/\",\"name\":\"APLO\",\"description\":\"\",\"potentialAction\":[{\"@type\":\"SearchAction\",\"target\":{\"@type\":\"EntryPoint\",\"urlTemplate\":\"https:\/\/www.aplo.com.pl\/?s={search_term_string}\"},\"query-input\":\"required name=search_term_string\"}],\"inLanguage\":\"en-US\"}]}<\/script>\n<!-- \/ Yoast SEO plugin. -->","yoast_head_json":{"title":"O nas &ndash; Aplo","robots":{"index":"noindex","follow":"nofollow"},"og_locale":"en_US","og_type":"article","og_title":"O nas &ndash; Aplo","og_description":"Firma APLO jest firm\u0105 z wieloletnim do\u015bwiadczeniem, szczyc\u0105c\u0105 si\u0119 realizacj\u0105 wielu projekt\u00f3w zadasze\u0144 tarasowych, pergoli tarasowych oraz wiat gara\u017cowych. Firma APLO powsta\u0142a z potrzeby zaspokojenia oczekiwa\u0144 Klient\u00f3w, pragn\u0105cych bezpiecznego, designerskiego i nowoczesnego zadaszenia tarasu. Priorytetem firmy jest zadowolenie Klienta, a jest to mo\u017cliwe dzi\u0119ki wykorzystywaniu najwy\u017cszej jako\u015bci materia\u0142\u00f3w w oferowanych produktach, dostrzeganiu znaczenia estetyki jak [&hellip;]","og_url":"https:\/\/www.aplo.com.pl\/en\/o-nas\/","og_site_name":"Aplo","article_modified_time":"2026-03-11T07:47:14+00:00","og_image":[{"url":"https:\/\/www.aplo.com.pl\/wp-content\/uploads\/2022\/04\/AdobeStock_428759865_Preview.webp"}],"twitter_card":"summary_large_image","twitter_misc":{"Est. reading time":"2 minutes"},"schema":{"@context":"https:\/\/schema.org","@graph":[{"@type":"WebPage","@id":"https:\/\/www.aplo.com.pl\/en\/o-nas\/","url":"https:\/\/www.aplo.com.pl\/en\/o-nas\/","name":"O nas &ndash; Aplo","isPartOf":{"@id":"https:\/\/www.aplo.com.pl\/#website"},"datePublished":"2022-04-06T18:26:04+00:00","dateModified":"2026-03-11T07:47:14+00:00","breadcrumb":{"@id":"https:\/\/www.aplo.com.pl\/en\/o-nas\/#breadcrumb"},"inLanguage":"en-US","potentialAction":[{"@type":"ReadAction","target":["https:\/\/www.aplo.com.pl\/en\/o-nas\/"]}]},{"@type":"BreadcrumbList","@id":"https:\/\/www.aplo.com.pl\/en\/o-nas\/#breadcrumb","itemListElement":[{"@type":"ListItem","position":1,"name":"Strona g\u0142\u00f3wna","item":"https:\/\/www.aplo.com.pl\/en\/"},{"@type":"ListItem","position":2,"name":"O nas"}]},{"@type":"WebSite","@id":"https:\/\/www.aplo.com.pl\/#website","url":"https:\/\/www.aplo.com.pl\/","name":"APLO","description":"","potentialAction":[{"@type":"SearchAction","target":{"@type":"EntryPoint","urlTemplate":"https:\/\/www.aplo.com.pl\/?s={search_term_string}"},"query-input":"required name=search_term_string"}],"inLanguage":"en-US"}]}},"acf":[],"_links":{"self":[{"href":"https:\/\/www.aplo.com.pl\/en\/wp-json\/wp\/v2\/pages\/346"}],"collection":[{"href":"https:\/\/www.aplo.com.pl\/en\/wp-json\/wp\/v2\/pages"}],"about":[{"href":"https:\/\/www.aplo.com.pl\/en\/wp-json\/wp\/v2\/types\/page"}],"author":[{"embeddable":true,"href":"https:\/\/www.aplo.com.pl\/en\/wp-json\/wp\/v2\/users\/1"}],"replies":[{"embeddable":true,"href":"https:\/\/www.aplo.com.pl\/en\/wp-json\/wp\/v2\/comments?post=346"}],"version-history":[{"count":4,"href":"https:\/\/www.aplo.com.pl\/en\/wp-json\/wp\/v2\/pages\/346\/revisions"}],"predecessor-version":[{"id":4486,"href":"https:\/\/www.aplo.com.pl\/en\/wp-json\/wp\/v2\/pages\/346\/revisions\/4486"}],"wp:attachment":[{"href":"https:\/\/www.aplo.com.pl\/en\/wp-json\/wp\/v2\/media?parent=346"}],"curies":[{"name":"wp","href":"https:\/\/api.w.org\/{rel}","templated":true}]}}