{"id":344,"date":"2022-04-07T17:14:24","date_gmt":"2022-04-07T15:14:24","guid":{"rendered":"https:\/\/www.aplo.com.pl\/strona-glowna\/"},"modified":"2026-03-20T14:30:18","modified_gmt":"2026-03-20T13:30:18","slug":"zadaszenie-tarasow","status":"publish","type":"page","link":"https:\/\/www.aplo.com.pl\/en\/","title":{"rendered":"Strona g\u0142\u00f3wna"},"content":{"rendered":"<h2 style=\"text-align: center;\">Nowoczesne pergole tarasowe i ogrodowe<\/h2>\n\n\n<div class=\"wp-block-columns is-layout-flex wp-container-4 wp-block-columns-is-layout-flex\">\n<div class=\"wp-block-column is-layout-flow wp-block-column-is-layout-flow\">\n<figure class=\"wp-block-gallery has-nested-images columns-default is-cropped wp-block-gallery-1 is-layout-flex wp-block-gallery-is-layout-flex\">\n<figure class=\"wp-block-image size-large\"><img decoding=\"async\" width=\"1024\" height=\"576\" src=\"https:\/\/www.aplo.com.pl\/wp-content\/uploads\/2023\/05\/glass-cube-post-1024x576.webp\" alt=\"nowoczesne pergole, ekskluzywna pergola na tarasie, nowoczesne zadaszenie taras\u00f3w, pergola na taras, pergola tarasowa\" class=\"wp-image-1282\" srcset=\"https:\/\/www.aplo.com.pl\/wp-content\/uploads\/2023\/05\/glass-cube-post-1024x576.webp 1024w, https:\/\/www.aplo.com.pl\/wp-content\/uploads\/2023\/05\/glass-cube-post-300x169.webp 300w, https:\/\/www.aplo.com.pl\/wp-content\/uploads\/2023\/05\/glass-cube-post-768x432.webp 768w, https:\/\/www.aplo.com.pl\/wp-content\/uploads\/2023\/05\/glass-cube-post-1536x864.webp 1536w, https:\/\/www.aplo.com.pl\/wp-content\/uploads\/2023\/05\/glass-cube-post-2048x1152.webp 2048w\" sizes=\"(max-width: 1024px) 100vw, 1024px\" \/><\/figure>\n<\/figure>\n<\/div>\n<\/div>\n\n\n\n<div class=\"wp-block-columns is-layout-flex wp-container-6 wp-block-columns-is-layout-flex\">\n<div class=\"wp-block-column is-layout-flow wp-block-column-is-layout-flow\">\n<h2><b>Wykorzystywane materia\u0142y<\/b><\/h2>\n<p><b>Stosujemy najlepsze materia\u0142y<\/b><span style=\"font-weight: 400;\">: aluminium, szk\u0142o bezpieczne, poliw\u0119glan oraz drewno klejone BSH czy solidne tkaniny, odporne na r\u00f3\u017cnorakie warunki atmosferyczne. Zapewniamy r\u00f3wnie\u017c wiele innych produkt\u00f3w uzupe\u0142niaj\u0105cych do Twojej pergoli, w tym nowoczesne systemy zaciemnie\u0144 s\u0142onecznych typu Refleksol, \u015bcianki \u017caluzjowe, rolety rzymskie, rolety screen, \u017caluzje fasadowe, os\u0142ony boczne. Mo\u017cemy tak\u017ce zamontowa\u0107 o\u015bwietlenie LED &#8211; punktowe i girlandy, pozwalaj\u0105ce stworzy\u0107 przytuln\u0105 atmosfer\u0119 do wypoczynku w komfortowej przestrzeni tarasowej. Zapewniamy indywidualne podej\u015bcie, Klient decyduje o wyposa\u017ceniu pergoli. Typ pergoli i szeroki wyb\u00f3r dodatkowych funkcji oraz idealnych rozwi\u0105za\u0144 dostosowane s\u0105 do indywidualnych oczekiwa\u0144 klienta. <\/span><b>Dzia\u0142amy kompleksowo<\/b><span style=\"font-weight: 400;\">: od przygotowania koncepcji zadaszenia, opracowania projektu a\u017c po jego pe\u0142n\u0105 realizacj\u0119.\u00a0<\/span><\/p>\n<p><b>Zapraszamy do kontaktu z naszym specjalist\u0105<\/b><span style=\"font-weight: 400;\"> \u2013 z ch\u0119ci\u0105 odpowiemy na wszelkie pytania oraz zaproponujemy ofert\u0119 dostosowan\u0105 do Pa\u0144stwa potrzeb.<\/span><\/p>\n<h2><b>Szeroki wyb\u00f3r pergoli\u00a0&#8211; pergole aluminiowe i drewniane<\/b><\/h2>\n<p><span style=\"font-weight: 400;\">Nasze nowoczesne zadaszenia tarasowe i pergole zapewniaj\u0105 doskona\u0142\u0105 ochron\u0119 przed s\u0142o\u0144cem, deszczem i chroni\u0105 przed niekorzystnymi warunkami atmosferycznymi.<\/span><\/p>\n<p><span style=\"font-weight: 400;\">Odpowiednio zaprojektowane zadaszenie pozwala efektywnie wykorzysta\u0107 dodatkow\u0105 przestrze\u0144 ogrodu przez ca\u0142y rok, nawet w te ch\u0142odniejsze dni. To doskona\u0142e rozwi\u0105zanie dla os\u00f3b ceni\u0105cych komfort wypoczynku w swoim ogrodzie.<\/span><\/p>\n<p><span style=\"font-weight: 400;\">Do ka\u017cdego projektu podchodzimy indywidualnie. Proponujemy najlepsze rozwi\u0105zania, dajemy pe\u0142n\u0105 swobod\u0119 w wyborze kolorystyki czy akcesori\u00f3w, przy jednoczesnym zachowaniu jak najbardziej <\/span><b>wytrzyma\u0142ych materia\u0142\u00f3w<\/b><span style=\"font-weight: 400;\">, dzi\u0119ki kt\u00f3rym wszystkie oferowane pergole b\u0119d\u0105 s\u0142u\u017cy\u0142y przez wiele lat, gwarantuj\u0105c bezpiecze\u0144stwo oraz komfort u\u017cytkowania. Klient mo\u017ce wybiera\u0107 spo\u015br\u00f3d r\u00f3\u017cnych funkcjonalno\u015bci tarasu, dopieraj\u0105c pergole do swoich indywidualnych potrzeb i tworz\u0105c przestrze\u0144 idealn\u0105 do wypoczynku. Oferujemy fachowe i profesjonalne doradztwo na ka\u017cdym etapie realizacji projektu.<\/span><\/p>\n<p><span style=\"font-weight: 400;\">Oferujemy <\/span><b>zadaszenia prywatnych taras\u00f3w przy domach jednorodzinnych<\/b><span style=\"font-weight: 400;\">\u00a0(jak funkcjonalne pergole tarasowe), <\/span><b>przy obiektach<\/b> <b>restauracyjnych, hotelowych czy wiaty gara\u017cowe.<\/b><span style=\"font-weight: 400;\"> Obs\u0142ugujemy <\/span><b>klient\u00f3w indywidualnych, firmy, w tym z bran\u017cy HoReCa.<\/b><span style=\"font-weight: 400;\"> Dodatkowe pergola tarasowa pergola staje si\u0119 niezwykle przydatne w szczeg\u00f3lno\u015bci w upalne dni, zapewniaj\u0105c ochron\u0119 przed nadmiernym nas\u0142onecznieniem. Oferujemy ogrodowe pergole wolnostoj\u0105ce, a tak\u017ce monta\u017c pergoli do \u015bciany budynku.\u00a0<\/span><\/p>\n<p><span style=\"font-weight: 400;\">Dzi\u0119ki naszej pracy i pasji, z jak\u0105 wykonujemy zam\u00f3wione pergole, nasi Klienci mog\u0105 cieszy\u0107 si\u0119 zadaszeniem, wyj\u0105tkowym designem pergoli i komfortem dodatkowej estetycznej przestrzeni.<\/span><\/p>\n<\/div>\n<\/div>\n\n\n\n<div class=\"wp-block-columns is-layout-flex wp-container-10 wp-block-columns-is-layout-flex\">\n<div class=\"wp-block-column is-layout-flow wp-block-column-is-layout-flow\">\n<h3><b>Komfort<\/b><\/h3>\n<p>Pergola ogrodowa, czy te\u017c nowoczesne zadaszenie i <a href=\"https:\/\/www.aplo.com.pl\/oferta\/zabudowa-tarasu\/\">zabudowa tarasu<\/a> to kilkana\u015bcie m2 dodatkowej powierzchni, kt\u00f3ra doskonale sprawdza si\u0119 jako strefa do relaksu, wypoczynku i spotka\u0144 z bliskimi na \u015bwie\u017cym powietrzu. W naszej ofercie znajdziesz pergole tarasowe wyposa\u017cone w automatyczny system regulacji \u015bcian bocznych i zadaszenia, o\u015bwietlenie LED, system odprowadzania wody oraz mo\u017cliwo\u015b\u0107 sterowania pilotem lub smartfonem, co zapewnia dodatkow\u0105 wygod\u0119. \u015awietnym uzupe\u0142nieniem pergoli ogrodowej b\u0119d\u0105 promienniki ciep\u0142a.<\/p>\n<\/div>\n\n\n\n<div class=\"wp-block-column is-layout-flow wp-block-column-is-layout-flow\">\n<h3><b>Ochrona- przed s\u0142o\u0144cem, deszczem <\/b><b>i wiatrem<\/b><\/h3>\n<p><span style=\"font-weight: 400;\">Pergole zapewniaj\u0105 skuteczn\u0105 ochron\u0119 przed promieniowaniem UV, opadami deszczu i wiatrem oraz innymi niekorzystnymi warunkami atmosferycznymi. Automatyczne pergole bioklimatyczne elektryczne z ruchom\u0105 konstrukcj\u0105, sterowanymi lamelami. Ruchome\u00a0 lamele, czujniki pogodowe i boczne zas\u0142ony pozwalaj\u0105 na dostosowanie parametr\u00f3w pergoli do warunk\u00f3w pogodowych. Dzi\u0119ki solidnej konstrukcji wykonanej z aluminium i malowanej proszkowo pergola ogrodowa jest odporna na podmuchy wiatru i do\u017cywotnio nie wymaga malowania i konserwacji. Odpowiednia konserwacja wp\u0142ywa na stabilno\u015b\u0107 konstrukcji.<\/span><\/p>\n<\/div>\n\n\n\n<div class=\"wp-block-column is-layout-flow wp-block-column-is-layout-flow\">\n<h3><b>Dekoracja<\/b><\/h3>\n<p><span style=\"font-weight: 400;\">Nowoczesne pergole ogrodowe zapewniaj\u0105 nie tylko funkcjonalny charakter, ale tak\u017ce gwarantuj\u0105 nowoczesny wygl\u0105d architektury przydomowej, podnosz\u0105 atrakcyjno\u015b\u0107 domu i zapewniaj\u0105 przytuln\u0105 atmosfer\u0119. Zawsze dobieramy pergole, kt\u00f3re doskonale komponuj\u0105 si\u0119 z kolorem elewacji i podkre\u015bl\u0105 wyj\u0105tkowy charakter budynku i zapewni\u0105 harmonijn\u0105 ca\u0142o\u015b\u0107 z jego wyko\u0144czeniem i otoczeniem. Z kolei nasze pergole ogrodowe stanowi\u0105 nowoczesny element architektury ogrodu, co sprawia, \u017ce taras staje si\u0119 ulubionym miejscem do odpoczynku, niezale\u017cnie od pogody.<\/span><\/p>\n<\/div>\n<\/div>\n\n\n<h2><b>Pergole ogrodowe i funkcjonalne zadaszenie tarasu<\/b><\/h2>\n<p><span style=\"font-weight: 400;\">Jako producent wykonujemy pergole na wymiar i indywidualne zam\u00f3wienie, dzi\u0119ki czemu mo\u017cesz mie\u0107 pewno\u015b\u0107, \u017ce Twoja pergola b\u0119dzie mia\u0142a: odpowiednie pomiary i b\u0119dzie dopasowana do elewacji i wyko\u0144czenia budynku oraz jego otoczenia. Dodatkowo zapewniamy profesjonalne us\u0142ugi monta\u017cu. Proponujemy wytrzyma\u0142e i solidne zadaszenia o d\u0142ugiej \u017cywotno\u015bci. Zam\u00f3w pergol\u0119, kt\u00f3ra zapewni ochron\u0119 przed wiatrem, s\u0142o\u0144cem i deszczem oraz komfortowe warunki do odpoczynku. Ca\u0142y projekt pergoli realizujemy kompleksowo, uwzgl\u0119dniaj\u0105c funkcjonalno\u015b\u0107 i estetyk\u0119 ka\u017cdej nowoczesnej konstrukcji.<\/span><\/p>\n<h2><b>Pergole i zadaszenia taras\u00f3w &#8211; Warszawa i okolice<\/b><\/h2>\n<p><span style=\"font-weight: 400;\">Us\u0142ugi \u015bwiadczymy na terenie Warszawy i okolicznych miejscowo\u015bci tj. O\u017car\u00f3w Mazowiecki, Podkowa Le\u015bna, Nowy Dw\u00f3r Mazowiecki,\u00a0 Pruszk\u00f3w, Piaseczno, G\u00f3ra Kalwaria, Konstancin-Jeziorna i wielu innych. W Warszawie dzia\u0142amy na terenie wszystkich dzielnic takich jak: Bemowo, Ursus, Wola, \u015ar\u00f3dmie\u015bcie, W\u0142ochy, Ochota, Mokot\u00f3w, Wilan\u00f3w, Bia\u0142o\u0142\u0119ka, Wawer, Rembert\u00f3w, \u017boliborz, Weso\u0142a, Praga-P\u00f3\u0142noc, Praga-Po\u0142udnie, Bielany, Ursyn\u00f3w, Targ\u00f3wek.\u00a0<\/span><\/p>\n\n<div class=\"kk-star-ratings kksr-auto kksr-align-right kksr-valign-bottom\"\n    data-payload='{&quot;align&quot;:&quot;right&quot;,&quot;id&quot;:&quot;344&quot;,&quot;slug&quot;:&quot;default&quot;,&quot;valign&quot;:&quot;bottom&quot;,&quot;ignore&quot;:&quot;&quot;,&quot;reference&quot;:&quot;auto&quot;,&quot;class&quot;:&quot;&quot;,&quot;count&quot;:&quot;0&quot;,&quot;legendonly&quot;:&quot;&quot;,&quot;readonly&quot;:&quot;&quot;,&quot;score&quot;:&quot;0&quot;,&quot;starsonly&quot;:&quot;&quot;,&quot;best&quot;:&quot;5&quot;,&quot;gap&quot;:&quot;5&quot;,&quot;greet&quot;:&quot;Jak oceniasz t\u0119 tre\u015b\u0107?&quot;,&quot;legend&quot;:&quot;\u015arednia ocena: 0 \\\/ 5 (na podstawie 0 g\u0142os\u00f3w)&quot;,&quot;size&quot;:&quot;24&quot;,&quot;title&quot;:&quot;Strona g\u0142\u00f3wna&quot;,&quot;width&quot;:&quot;0&quot;,&quot;_legend&quot;:&quot;\u015arednia ocena: {score} \\\/ {best} (na podstawie {count} g\u0142os\u00f3w)&quot;,&quot;font_factor&quot;:&quot;1.25&quot;}'>\n            \n<div class=\"kksr-stars\">\n    \n<div class=\"kksr-stars-inactive\">\n            <div class=\"kksr-star\" data-star=\"1\" style=\"padding-right: 5px\">\n            \n\n<div class=\"kksr-icon\" style=\"width: 24px; height: 24px;\"><\/div>\n        <\/div>\n            <div class=\"kksr-star\" data-star=\"2\" style=\"padding-right: 5px\">\n            \n\n<div class=\"kksr-icon\" style=\"width: 24px; height: 24px;\"><\/div>\n        <\/div>\n            <div class=\"kksr-star\" data-star=\"3\" style=\"padding-right: 5px\">\n            \n\n<div class=\"kksr-icon\" style=\"width: 24px; height: 24px;\"><\/div>\n        <\/div>\n            <div class=\"kksr-star\" data-star=\"4\" style=\"padding-right: 5px\">\n            \n\n<div class=\"kksr-icon\" style=\"width: 24px; height: 24px;\"><\/div>\n        <\/div>\n            <div class=\"kksr-star\" data-star=\"5\" style=\"padding-right: 5px\">\n            \n\n<div class=\"kksr-icon\" style=\"width: 24px; height: 24px;\"><\/div>\n        <\/div>\n    <\/div>\n    \n<div class=\"kksr-stars-active\" style=\"width: 0px;\">\n            <div class=\"kksr-star\" style=\"padding-right: 5px\">\n            \n\n<div class=\"kksr-icon\" style=\"width: 24px; height: 24px;\"><\/div>\n        <\/div>\n            <div class=\"kksr-star\" style=\"padding-right: 5px\">\n            \n\n<div class=\"kksr-icon\" style=\"width: 24px; height: 24px;\"><\/div>\n        <\/div>\n            <div class=\"kksr-star\" style=\"padding-right: 5px\">\n            \n\n<div class=\"kksr-icon\" style=\"width: 24px; height: 24px;\"><\/div>\n        <\/div>\n            <div class=\"kksr-star\" style=\"padding-right: 5px\">\n            \n\n<div class=\"kksr-icon\" style=\"width: 24px; height: 24px;\"><\/div>\n        <\/div>\n            <div class=\"kksr-star\" style=\"padding-right: 5px\">\n            \n\n<div class=\"kksr-icon\" style=\"width: 24px; height: 24px;\"><\/div>\n        <\/div>\n    <\/div>\n<\/div>\n                \n\n<div class=\"kksr-legend\" style=\"font-size: 19.2px;\">\n            <span class=\"kksr-muted\">Jak oceniasz t\u0119 tre\u015b\u0107?<\/span>\n    <\/div>\n    <\/div>\n","protected":false},"excerpt":{"rendered":"<p>Nowoczesne pergole tarasowe i ogrodowe Wykorzystywane materia\u0142y Stosujemy najlepsze materia\u0142y: aluminium, szk\u0142o bezpieczne, poliw\u0119glan oraz drewno klejone BSH czy solidne tkaniny, odporne na r\u00f3\u017cnorakie warunki atmosferyczne. Zapewniamy r\u00f3wnie\u017c wiele innych produkt\u00f3w uzupe\u0142niaj\u0105cych do Twojej pergoli, w tym nowoczesne systemy zaciemnie\u0144 s\u0142onecznych typu Refleksol, \u015bcianki \u017caluzjowe, rolety rzymskie, rolety screen, \u017caluzje fasadowe, os\u0142ony boczne. Mo\u017cemy tak\u017ce [&hellip;]<\/p>\n","protected":false},"author":1,"featured_media":0,"parent":0,"menu_order":0,"comment_status":"closed","ping_status":"closed","template":"","meta":{"footnotes":""},"yoast_head":"<!-- This site is optimized with the Yoast SEO plugin v20.6 - https:\/\/yoast.com\/wordpress\/plugins\/seo\/ -->\n<title>Pergole Warszawa \u272d Pergole Tarasowe i Ogrodowe | APLO<\/title>\n<meta name=\"description\" content=\"Pergole ogrodowe i tarasowe \u2b50 Solidne konstrukcje aluminiowe \u2705 Du\u017cy wyb\u00f3r modeli i kolor\u00f3w. Dostawa i monta\u017c w cenie. Warszawa i okolice. Sprawd\u017a!\" \/>\n<meta name=\"robots\" content=\"noindex, nofollow\" \/>\n<meta property=\"og:locale\" content=\"en_US\" \/>\n<meta property=\"og:type\" content=\"article\" \/>\n<meta property=\"og:title\" content=\"Pergole Warszawa \u272d Pergole Tarasowe i Ogrodowe | APLO\" \/>\n<meta property=\"og:description\" content=\"Pergole ogrodowe i tarasowe \u2b50 Solidne konstrukcje aluminiowe \u2705 Du\u017cy wyb\u00f3r modeli i kolor\u00f3w. Dostawa i monta\u017c w cenie. Warszawa i okolice. Sprawd\u017a!\" \/>\n<meta property=\"og:url\" content=\"https:\/\/www.aplo.com.pl\/en\/\" \/>\n<meta property=\"og:site_name\" content=\"Aplo\" \/>\n<meta property=\"article:modified_time\" content=\"2026-03-20T13:30:18+00:00\" \/>\n<meta property=\"og:image\" content=\"https:\/\/www.aplo.com.pl\/wp-content\/uploads\/2023\/05\/glass-cube-post-1024x576.webp\" \/>\n<meta name=\"twitter:card\" content=\"summary_large_image\" \/>\n<meta name=\"twitter:label1\" content=\"Est. reading time\" \/>\n\t<meta name=\"twitter:data1\" content=\"5 minutes\" \/>\n<script type=\"application\/ld+json\" class=\"yoast-schema-graph\">{\"@context\":\"https:\/\/schema.org\",\"@graph\":[{\"@type\":\"WebPage\",\"@id\":\"https:\/\/www.aplo.com.pl\/en\/\",\"url\":\"https:\/\/www.aplo.com.pl\/en\/\",\"name\":\"Pergole Warszawa \u272d Pergole Tarasowe i Ogrodowe | APLO\",\"isPartOf\":{\"@id\":\"https:\/\/www.aplo.com.pl\/#website\"},\"datePublished\":\"2022-04-07T15:14:24+00:00\",\"dateModified\":\"2026-03-20T13:30:18+00:00\",\"description\":\"Pergole ogrodowe i tarasowe \u2b50 Solidne konstrukcje aluminiowe \u2705 Du\u017cy wyb\u00f3r modeli i kolor\u00f3w. Dostawa i monta\u017c w cenie. Warszawa i okolice. Sprawd\u017a!\",\"breadcrumb\":{\"@id\":\"https:\/\/www.aplo.com.pl\/en\/#breadcrumb\"},\"inLanguage\":\"en-US\",\"potentialAction\":[{\"@type\":\"ReadAction\",\"target\":[\"https:\/\/www.aplo.com.pl\/en\/\"]}]},{\"@type\":\"BreadcrumbList\",\"@id\":\"https:\/\/www.aplo.com.pl\/en\/#breadcrumb\",\"itemListElement\":[{\"@type\":\"ListItem\",\"position\":1,\"name\":\"Strona g\u0142\u00f3wna\",\"item\":\"https:\/\/www.aplo.com.pl\/en\/\"},{\"@type\":\"ListItem\",\"position\":2,\"name\":\"Strona g\u0142\u00f3wna\"}]},{\"@type\":\"WebSite\",\"@id\":\"https:\/\/www.aplo.com.pl\/#website\",\"url\":\"https:\/\/www.aplo.com.pl\/\",\"name\":\"APLO\",\"description\":\"\",\"potentialAction\":[{\"@type\":\"SearchAction\",\"target\":{\"@type\":\"EntryPoint\",\"urlTemplate\":\"https:\/\/www.aplo.com.pl\/?s={search_term_string}\"},\"query-input\":\"required name=search_term_string\"}],\"inLanguage\":\"en-US\"}]}<\/script>\n<!-- \/ Yoast SEO plugin. -->","yoast_head_json":{"title":"Pergole Warszawa \u272d Pergole Tarasowe i Ogrodowe | APLO","description":"Pergole ogrodowe i tarasowe \u2b50 Solidne konstrukcje aluminiowe \u2705 Du\u017cy wyb\u00f3r modeli i kolor\u00f3w. Dostawa i monta\u017c w cenie. Warszawa i okolice. Sprawd\u017a!","robots":{"index":"noindex","follow":"nofollow"},"og_locale":"en_US","og_type":"article","og_title":"Pergole Warszawa \u272d Pergole Tarasowe i Ogrodowe | APLO","og_description":"Pergole ogrodowe i tarasowe \u2b50 Solidne konstrukcje aluminiowe \u2705 Du\u017cy wyb\u00f3r modeli i kolor\u00f3w. Dostawa i monta\u017c w cenie. Warszawa i okolice. Sprawd\u017a!","og_url":"https:\/\/www.aplo.com.pl\/en\/","og_site_name":"Aplo","article_modified_time":"2026-03-20T13:30:18+00:00","og_image":[{"url":"https:\/\/www.aplo.com.pl\/wp-content\/uploads\/2023\/05\/glass-cube-post-1024x576.webp"}],"twitter_card":"summary_large_image","twitter_misc":{"Est. reading time":"5 minutes"},"schema":{"@context":"https:\/\/schema.org","@graph":[{"@type":"WebPage","@id":"https:\/\/www.aplo.com.pl\/en\/","url":"https:\/\/www.aplo.com.pl\/en\/","name":"Pergole Warszawa \u272d Pergole Tarasowe i Ogrodowe | APLO","isPartOf":{"@id":"https:\/\/www.aplo.com.pl\/#website"},"datePublished":"2022-04-07T15:14:24+00:00","dateModified":"2026-03-20T13:30:18+00:00","description":"Pergole ogrodowe i tarasowe \u2b50 Solidne konstrukcje aluminiowe \u2705 Du\u017cy wyb\u00f3r modeli i kolor\u00f3w. Dostawa i monta\u017c w cenie. Warszawa i okolice. Sprawd\u017a!","breadcrumb":{"@id":"https:\/\/www.aplo.com.pl\/en\/#breadcrumb"},"inLanguage":"en-US","potentialAction":[{"@type":"ReadAction","target":["https:\/\/www.aplo.com.pl\/en\/"]}]},{"@type":"BreadcrumbList","@id":"https:\/\/www.aplo.com.pl\/en\/#breadcrumb","itemListElement":[{"@type":"ListItem","position":1,"name":"Strona g\u0142\u00f3wna","item":"https:\/\/www.aplo.com.pl\/en\/"},{"@type":"ListItem","position":2,"name":"Strona g\u0142\u00f3wna"}]},{"@type":"WebSite","@id":"https:\/\/www.aplo.com.pl\/#website","url":"https:\/\/www.aplo.com.pl\/","name":"APLO","description":"","potentialAction":[{"@type":"SearchAction","target":{"@type":"EntryPoint","urlTemplate":"https:\/\/www.aplo.com.pl\/?s={search_term_string}"},"query-input":"required name=search_term_string"}],"inLanguage":"en-US"}]}},"acf":[],"_links":{"self":[{"href":"https:\/\/www.aplo.com.pl\/en\/wp-json\/wp\/v2\/pages\/344"}],"collection":[{"href":"https:\/\/www.aplo.com.pl\/en\/wp-json\/wp\/v2\/pages"}],"about":[{"href":"https:\/\/www.aplo.com.pl\/en\/wp-json\/wp\/v2\/types\/page"}],"author":[{"embeddable":true,"href":"https:\/\/www.aplo.com.pl\/en\/wp-json\/wp\/v2\/users\/1"}],"replies":[{"embeddable":true,"href":"https:\/\/www.aplo.com.pl\/en\/wp-json\/wp\/v2\/comments?post=344"}],"version-history":[{"count":120,"href":"https:\/\/www.aplo.com.pl\/en\/wp-json\/wp\/v2\/pages\/344\/revisions"}],"predecessor-version":[{"id":4526,"href":"https:\/\/www.aplo.com.pl\/en\/wp-json\/wp\/v2\/pages\/344\/revisions\/4526"}],"wp:attachment":[{"href":"https:\/\/www.aplo.com.pl\/en\/wp-json\/wp\/v2\/media?parent=344"}],"curies":[{"name":"wp","href":"https:\/\/api.w.org\/{rel}","templated":true}]}}